{"id":8,"date":"2025-04-10T20:40:44","date_gmt":"2025-04-10T20:40:44","guid":{"rendered":"https:\/\/crepacreperie.com\/front_page\/"},"modified":"2026-04-07T16:46:52","modified_gmt":"2026-04-07T16:46:52","slug":"crepa-creperia-a-milano-crepes-dolci-e-salate","status":"publish","type":"page","link":"https:\/\/crepacreperie.com\/en\/","title":{"rendered":"CREPA Creperia a Milano Crepes dolci e salate"},"content":{"rendered":"<header class=\"wp-block-cover alignfull is-light\" style=\"min-height:595px;aspect-ratio:unset;\"><video class=\"wp-block-cover__video-background intrinsic-ignore\" autoplay muted loop playsinline src=\"https:\/\/crepacreperie.com\/wp-content\/uploads\/2025\/09\/CREPA-creperia-video-header_crepes-milano_sito.mp4\" data-object-fit=\"cover\"><\/video><span aria-hidden=\"true\" class=\"wp-block-cover__background has-black-background-color has-background-dim\"><\/span><div class=\"wp-block-cover__inner-container is-layout-constrained wp-block-cover-is-layout-constrained\">\n<p class=\"has-text-align-center has-ast-global-color-1-color has-text-color has-link-color wp-elements-b97f36ce029589a55f085795e227d1c8\" style=\"font-size:35px\"><strong>ICONIC \u2022 THEATRICAL \u2022 IRREVERENT<\/strong><\/p>\n\n\n\n<h1 class=\"wp-block-heading has-text-align-center has-ast-global-color-1-color has-text-color has-link-color wp-elements-e905fea44aa84a8799aeabcf3e3e2603\" style=\"font-size:18px\">CREPA is the signature cr\u00eaperie in Milan: choose your batter and your flavor, and enjoy the show.<\/h1>\n\n\n\n<div class=\"wp-block-buttons is-horizontal is-content-justification-center is-layout-flex wp-container-core-buttons-is-layout-57efbec7 wp-block-buttons-is-layout-flex\" style=\"padding-top:var(--wp--preset--spacing--60);padding-bottom:var(--wp--preset--spacing--60)\">\n<div class=\"wp-block-button has-custom-width wp-block-button__width-50 is-style-outline is-style-outline--1\"><a class=\"wp-block-button__link has-ast-global-color-1-color has-ast-global-color-0-background-color has-text-color has-background has-link-color has-text-align-center has-custom-font-size wp-element-button\" href=\"https:\/\/crepacreperie.com\/wp-content\/uploads\/2025\/09\/CREPA_MENU_crepes_dolci-salate-Milano-ita-eng.pdf\" style=\"padding-top:var(--wp--preset--spacing--40);padding-right:0;padding-bottom:var(--wp--preset--spacing--40);padding-left:0;font-size:35px\" target=\"_blank\" rel=\"noreferrer noopener\">MENU<\/a><\/div>\n<\/div>\n<\/div><\/header>\n\n\n\n<div class=\"wp-block-columns alignfull are-vertically-aligned-center is-layout-flex wp-container-core-columns-is-layout-28f84493 wp-block-columns-is-layout-flex\" id=\"chi-siamo\">\n<div class=\"wp-block-column is-vertically-aligned-center is-layout-flow wp-block-column-is-layout-flow\" style=\"flex-basis:50%\">\n<h2 class=\"wp-block-heading has-text-color\" style=\"color:#fff;font-size:40px\">CREPA is the pop cr\u00eaperie you didn\u2019t see coming.<\/h2>\n\n\n\n<p class=\"has-ast-global-color-1-color has-text-color has-link-color wp-elements-3d9c1e4a1f1f96f0c332c49b82ecadc8 translation-block\">In <strong>Milan<\/strong>, there\u2019s a place where <strong>breakfast<\/strong> is a stylish wake-up call, <strong>lunch<\/strong> turns into a moment of pure taste, <strong>afternoon snack<\/strong> becomes a standing ovation performance, and <strong>aperitivo<\/strong> is just the perfect excuse to crepe (with happiness).<\/p>\n\n\n\n<p class=\"has-ast-global-color-1-color has-text-color has-link-color wp-elements-09ac19b68b91604912cb22a585b768be\"><strong>CREPA <\/strong>is your signature cr\u00eaperie in Milan: sweet and savory cr\u00eapes, custom batters (classic, vegan or waffle), surprising ingredients, and a pinch of irony in every bite.<\/p>\n\n\n\n<p class=\"has-ast-global-color-1-color has-text-color has-link-color wp-elements-89ef32aca394295ea72b27ae38c0ae4f\">The menu changes, but the script stays the same: iconic flavors, famous faces, and zero boredom. Dine in, take away, or order at home: it's always the right time for a cr\u00eape worth dying for.<\/p>\n<\/div>\n\n\n\n<div class=\"wp-block-column is-vertically-aligned-center is-layout-flow wp-block-column-is-layout-flow\" style=\"flex-basis:50%\">\n<figure class=\"wp-block-image size-full\"><img loading=\"lazy\" decoding=\"async\" width=\"800\" height=\"534\" src=\"https:\/\/crepacreperie.com\/wp-content\/uploads\/2025\/09\/CREPA-crepe-salata-sito.jpg\" alt=\"\" class=\"wp-image-264\" srcset=\"https:\/\/crepacreperie.com\/wp-content\/uploads\/2025\/09\/CREPA-crepe-salata-sito.jpg 800w, https:\/\/crepacreperie.com\/wp-content\/uploads\/2025\/09\/CREPA-crepe-salata-sito-300x200.jpg 300w, https:\/\/crepacreperie.com\/wp-content\/uploads\/2025\/09\/CREPA-crepe-salata-sito-768x513.jpg 768w\" sizes=\"auto, (max-width: 800px) 100vw, 800px\" \/><\/figure>\n<\/div>\n<\/div>\n\n\n\n<div class=\"wp-block-columns alignfull are-vertically-aligned-center is-layout-flex wp-container-core-columns-is-layout-28f84493 wp-block-columns-is-layout-flex\" id=\"chi-siamo\">\n<div class=\"wp-block-column is-vertically-aligned-center is-layout-flow wp-block-column-is-layout-flow\" style=\"flex-basis:50%\">\n<figure class=\"wp-block-image size-full\"><img loading=\"lazy\" decoding=\"async\" width=\"800\" height=\"534\" src=\"https:\/\/crepacreperie.com\/wp-content\/uploads\/2025\/09\/CREPA-crepe-dolce-sito.jpg\" alt=\"\" class=\"wp-image-265\" srcset=\"https:\/\/crepacreperie.com\/wp-content\/uploads\/2025\/09\/CREPA-crepe-dolce-sito.jpg 800w, https:\/\/crepacreperie.com\/wp-content\/uploads\/2025\/09\/CREPA-crepe-dolce-sito-300x200.jpg 300w, https:\/\/crepacreperie.com\/wp-content\/uploads\/2025\/09\/CREPA-crepe-dolce-sito-768x513.jpg 768w\" sizes=\"auto, (max-width: 800px) 100vw, 800px\" \/><\/figure>\n<\/div>\n\n\n\n<div class=\"wp-block-column is-vertically-aligned-center is-layout-flow wp-block-column-is-layout-flow\" style=\"flex-basis:50%\">\n<h2 class=\"wp-block-heading has-text-color\" style=\"color:#fff;font-size:40px\">Sweet, savory or waffle cr\u00eapes?<\/h2>\n\n\n\n<p class=\"has-ast-global-color-1-color has-text-color has-link-color wp-elements-2d4e7d647e0d6964e8f0d8c8c352649f\">At CREPA, you don\u2019t just eat cr\u00eapes.<br>You choose them, shape them, and turn them into a show.<\/p>\n\n\n\n<p class=\"has-ast-global-color-1-color has-text-color has-link-color wp-elements-a48e796ead3cea60c69921920d2bd218\">Looking for<strong> the classic French batter<\/strong>? We\u2019ve got it.<br>Want something lighter? Try our<strong> vegan buckwheat option.<\/strong>.<br>Craving crunch? Go for <strong>the waffle base <\/strong>and get ready for applause with every bite.<\/p>\n\n\n\n<p class=\"has-ast-global-color-1-color has-text-color has-link-color wp-elements-b0e444cb3af387438f0ed920025ee569\">Every batter is a stage to write your story: sweet or savory, bold or comforting, always personalized \u2014\nand always to die for.<\/p>\n\n\n\n<p class=\"has-ast-global-color-1-color has-text-color has-link-color wp-elements-6ffe9b5bdca22fdce4c0b81439685e1c\"><strong>Handmade sweet, savory and waffle cr\u00eapes in Milan<\/strong>: you pick the plot, we serve the flavor.<\/p>\n<\/div>\n<\/div>\n\n\n\n<p class=\"has-ast-global-color-1-color has-text-color has-link-color wp-elements-3605a9ffa0d2c30522d0187350213700\"><\/p>\n\n\n<div\r\n\t\tclass=\"alignfull wp-block-psb-parallax\"\tid='psbParallaxSection-2'\r\n\tdata-attributes='{&quot;speed&quot;:0.65,&quot;background&quot;:{&quot;type&quot;:&quot;image&quot;,&quot;image&quot;:{&quot;id&quot;:475,&quot;url&quot;:&quot;https:\\\/\\\/crepacreperie.com\\\/wp-content\\\/uploads\\\/2026\\\/01\\\/CREPA_Personaggio_Ghandi_png_400.png&quot;,&quot;alt&quot;:&quot;&quot;,&quot;title&quot;:&quot;CREPA_Personaggio_Ghandi_png_400&quot;,&quot;caption&quot;:&quot;&quot;},&quot;attachment&quot;:&quot;scroll&quot;,&quot;overlayColor&quot;:&quot;rgba(0, 0, 0, 0.61)&quot;,&quot;size&quot;:&quot;&quot;,&quot;position&quot;:&quot;center center&quot;,&quot;repeat&quot;:&quot;no-repeat&quot;},&quot;minHeight&quot;:&quot;&quot;,&quot;padding&quot;:{&quot;vertical&quot;:&quot;20px&quot;,&quot;horizontal&quot;:&quot;30px&quot;,&quot;side&quot;:2,&quot;top&quot;:&quot;20px&quot;,&quot;right&quot;:&quot;30px&quot;,&quot;bottom&quot;:&quot;20px&quot;,&quot;left&quot;:&quot;30px&quot;},&quot;align&quot;:&quot;full&quot;,&quot;verticalAlign&quot;:&quot;center&quot;,&quot;textAlign&quot;:&quot;center&quot;,&quot;styles&quot;:{&quot;particles&quot;:{&quot;color&quot;:{&quot;r&quot;:255,&quot;g&quot;:255,&quot;b&quot;:255},&quot;movingSpeed&quot;:0.8,&quot;density&quot;:10},&quot;leaf&quot;:{&quot;status&quot;:true,&quot;color&quot;:&quot;#16a34a&quot;,&quot;count&quot;:20},&quot;cube&quot;:{&quot;position&quot;:{&quot;x&quot;:{&quot;desktop&quot;:&quot;47%&quot;,&quot;tablet&quot;:&quot;40%&quot;,&quot;mobile&quot;:&quot;42%&quot;},&quot;y&quot;:{&quot;desktop&quot;:&quot;45%&quot;,&quot;tablet&quot;:&quot;45%&quot;,&quot;mobile&quot;:&quot;28%&quot;}},&quot;front&quot;:&quot;#60caf81a&quot;,&quot;back&quot;:&quot;rgba(0, 136, 91, 0.1)&quot;,&quot;top&quot;:&quot;rgba(7, 181, 255, 0.1)&quot;,&quot;bottom&quot;:&quot;rgba(0, 241, 161, 0.1)&quot;,&quot;left&quot;:&quot;rgba(56, 189, 248, 0.1)&quot;,&quot;right&quot;:&quot;rgba(47, 255, 186, 0.1)&quot;,&quot;border&quot;:{&quot;width&quot;:&quot;1px&quot;,&quot;type&quot;:&quot;solid&quot;,&quot;color&quot;:&quot;&quot;}},&quot;t4Styles&quot;:{&quot;backgroundColors&quot;:{&quot;upper&quot;:&quot;#f0fdf4&quot;,&quot;lower&quot;:&quot;#dcfce7&quot;}}},&quot;options&quot;:{&quot;isCube&quot;:true},&quot;selectedTheme&quot;:&quot;default&quot;,&quot;TrpContentRestriction&quot;:{&quot;restriction_type&quot;:&quot;exclude&quot;,&quot;selected_languages&quot;:[],&quot;panel_open&quot;:true}}'\r\n  data-pipecheck='false'\r\n>\r\n  <style>\r\n    \r\n  #psbParallaxSection-2{\r\n    min-height: ;\r\n  }\r\n  #psbParallaxSection-2 .psbParallaxSection{\r\n    justify-content: center;\r\n    text-align: center;\r\n    min-height: ;\r\n    padding: 20px 30px;\r\n  }\r\n  #psbParallaxSection-2 .psbParallaxImg{\r\n    background: url(https:\/\/crepacreperie.com\/wp-content\/uploads\/2026\/01\/CREPA_Personaggio_Ghandi_png_400.png);background-color: rgba(0, 0, 0, 0.61);background-position: center center;background-repeat: no-repeat;background-attachment: scroll;background-repeat: no-repeat;background-blend-mode: overlay;\r\n  }\r\n  <\/style>\r\n\r\n  <div class='psbParallaxImg' data-speed='0.65'><\/div>\r\n\r\n  <div class='psbParallaxSection'>\r\n    \n\n<p><\/p>\n\n\n\n<h2 class=\"wp-block-heading has-text-color\" id=\"delivery\" style=\"color:#fff;font-size:40px\">DELIVERY? A CREPE in the system.<\/h2>\n\n\n\n<p class=\"has-text-color\" style=\"color:#fff;font-size:20px\">Hungry, zero desire to go out, and dreaming of a cr\u00eape that saves your day?<\/p>\n\n\n\n<p class=\"has-text-color\" style=\"color:#fff;font-size:20px\">Order CREPA at home through Glovo, Deliveroo or Just Eat and get the full show delivered to your door: custom batters, bold fillings, iconic characters and over-the-top toppings.<\/p>\n\n\n\n<p class=\"has-text-color\" style=\"color:#fff;font-size:20px\">Worth dying for. Even on your couch.<\/p>\n\n\n\n<div class=\"wp-block-buttons is-content-justification-center is-layout-flow wp-block-buttons-is-layout-flow\">\n<div class=\"wp-block-button\"><a class=\"wp-block-button__link has-ast-global-color-0-background-color has-text-color has-background has-custom-font-size wp-element-button\" href=\"https:\/\/ufv9.adj.st\/?adjust_deeplink=glovoapp%3A%2F%2Fopen%3Flink_type%3Dstore%26store_id%3D459994&amp;adjust_t=s321jkn\" style=\"color:#fff;font-size:35px\" target=\"_blank\" rel=\"noreferrer noopener\">ORDER NOW<\/a><\/div>\n<\/div>\n\n\n\n<p><\/p>\n\n\n\n<p>Delivery available in Milan \u2022 Sweet and savory cr\u00eapes + warm waffles \u2022 Just one click (and yes, pajamas are more than welcome)<\/p>\n\n\n\n<p><\/p>\n\n  <\/div>\r\n<\/div>\n\n\n<div class=\"wp-block-columns alignfull are-vertically-aligned-center is-layout-flex wp-container-core-columns-is-layout-cf05694f wp-block-columns-is-layout-flex\" id=\"dove-siamo\">\n<div class=\"wp-block-column is-vertically-aligned-center is-layout-flow wp-block-column-is-layout-flow\">\n<h2 class=\"wp-block-heading has-ast-global-color-1-color has-text-color has-link-color wp-elements-2ec7b25a6c6b265083147716ed01fa4e\">Where to find us<\/h2>\n\n\n\n<p class=\"has-ast-global-color-1-color has-text-color has-link-color wp-elements-2b425e6a66f3299d959364af0e2c6a68\">CREPA is just steps from Universit\u00e0 Cattolica del Sacro Cuore, in the heart of Milan. A flavorful and theatrical spot to stage your break with sweet and savory cr\u00eapes, waffles and a menu that always changes \u2014 but never dies.<\/p>\n\n\n\n<p class=\"has-ast-global-color-1-color has-text-color has-link-color wp-elements-ae598835442fd8d2afbc22c6c1f5c359\">Come by, order, or just stop in (hungry). Or click on the map and let it guide you \u2014 we\u2019re waiting for your break worth dying for.<\/p>\n\n\n\n<p class=\"has-ast-global-color-1-color has-text-color has-link-color wp-elements-b60a92ca8d333df30f39d4c29f7b455a\">You\u2019ll find us at <strong>Via Edmondo De Amicis 35, 20123 Milan (MI)<\/strong><\/p>\n\n\n\n<div style=\"height:1px\" aria-hidden=\"true\" class=\"wp-block-spacer\"><\/div>\n\n\n\n<h2 class=\"wp-block-heading has-ast-global-color-1-color has-text-color has-link-color wp-elements-658852aceac133ba28d51841c44e0184\">Opening hours<\/h2>\n\n\n\n<p><a href=\"https:\/\/share.google\/ebTXX2bG4wMPPOtEH\" type=\"link\" id=\"https:\/\/share.google\/ebTXX2bG4wMPPOtEH\" target=\"_blank\" rel=\"noreferrer noopener\">Check on Google Maps when CREPA is open!<\/a><\/p>\n<\/div>\n\n\n\n<div class=\"wp-block-column is-vertically-aligned-center is-layout-flow wp-container-core-column-is-layout-f5bb311e wp-block-column-is-layout-flow\">\n<iframe src=\"https:\/\/www.google.com\/maps\/embed?pb=!1m18!1m12!1m3!1d2798.515772772961!2d9.176260899999997!3d45.459413100000006!2m3!1f0!2f0!3f0!3m2!1i1024!2i768!4f13.1!3m3!1m2!1s0x4786c1ac9c7f2ccf%3A0x85184fc5d1e2b97e!2sCREPA!5e0!3m2!1sit!2sit!4v1756720298847!5m2!1sit!2sit\" width=\"800\" height=\"600\" style=\"border:0;\" allowfullscreen=\"\" loading=\"lazy\" referrerpolicy=\"no-referrer-when-downgrade\"><\/iframe>\n<\/div>\n<\/div>","protected":false},"excerpt":{"rendered":"<p>CREPA \u00e8 la cr\u00eaperia pop che non ti aspetti. A Milano c\u2019\u00e8 un posto dove la colazione \u00e8 un risveglio [&hellip;]<\/p>\n","protected":false},"author":1,"featured_media":265,"parent":0,"menu_order":0,"comment_status":"closed","ping_status":"closed","template":"","meta":{"site-sidebar-layout":"default","site-content-layout":"","ast-site-content-layout":"","site-content-style":"default","site-sidebar-style":"default","ast-global-header-display":"","ast-banner-title-visibility":"","ast-main-header-display":"","ast-hfb-above-header-display":"","ast-hfb-below-header-display":"","ast-hfb-mobile-header-display":"","site-post-title":"disabled","ast-breadcrumbs-content":"","ast-featured-img":"disabled","footer-sml-layout":"","ast-disable-related-posts":"","theme-transparent-header-meta":"","adv-header-id-meta":"","stick-header-meta":"","header-above-stick-meta":"","header-main-stick-meta":"","header-below-stick-meta":"","astra-migrate-meta-layouts":"default","ast-page-background-enabled":"default","ast-page-background-meta":{"desktop":{"background-color":"var(--ast-global-color-5)","background-image":"","background-repeat":"repeat","background-position":"center center","background-size":"auto","background-attachment":"scroll","background-type":"","background-media":"","overlay-type":"","overlay-color":"","overlay-opacity":"","overlay-gradient":""},"tablet":{"background-color":"","background-image":"","background-repeat":"repeat","background-position":"center center","background-size":"auto","background-attachment":"scroll","background-type":"","background-media":"","overlay-type":"","overlay-color":"","overlay-opacity":"","overlay-gradient":""},"mobile":{"background-color":"","background-image":"","background-repeat":"repeat","background-position":"center center","background-size":"auto","background-attachment":"scroll","background-type":"","background-media":"","overlay-type":"","overlay-color":"","overlay-opacity":"","overlay-gradient":""}},"ast-content-background-meta":{"desktop":{"background-color":"var(--ast-global-color-4)","background-image":"","background-repeat":"repeat","background-position":"center center","background-size":"auto","background-attachment":"scroll","background-type":"","background-media":"","overlay-type":"","overlay-color":"","overlay-opacity":"","overlay-gradient":""},"tablet":{"background-color":"var(--ast-global-color-4)","background-image":"","background-repeat":"repeat","background-position":"center center","background-size":"auto","background-attachment":"scroll","background-type":"","background-media":"","overlay-type":"","overlay-color":"","overlay-opacity":"","overlay-gradient":""},"mobile":{"background-color":"var(--ast-global-color-4)","background-image":"","background-repeat":"repeat","background-position":"center center","background-size":"auto","background-attachment":"scroll","background-type":"","background-media":"","overlay-type":"","overlay-color":"","overlay-opacity":"","overlay-gradient":""}},"footnotes":""},"class_list":["post-8","page","type-page","status-publish","has-post-thumbnail","hentry"],"yoast_head":"<!-- This site is optimized with the Yoast SEO plugin v27.3 - https:\/\/yoast.com\/product\/yoast-seo-wordpress\/ -->\n<title>CREPA - Creperia a Milano | Cr\u00eapes dolci e salate<\/title>\n<meta name=\"description\" content=\"CREPA \u00e8 la cr\u00eaperia di Milano dove cr\u00eapes dolci, salate e waffle diventano uno spettacolo. Impasti a scelta, ingredienti audaci e delivery.\" \/>\n<meta name=\"robots\" content=\"index, follow, max-snippet:-1, max-image-preview:large, max-video-preview:-1\" \/>\n<link rel=\"canonical\" href=\"https:\/\/crepacreperie.com\/en\/\" \/>\n<meta property=\"og:locale\" content=\"en_GB\" \/>\n<meta property=\"og:type\" content=\"article\" \/>\n<meta property=\"og:title\" content=\"CREPA - Crepes dolci e salate a Milano\" \/>\n<meta property=\"og:description\" content=\"CREPA \u00e8 la cr\u00eaperia pop nel cuore di Milano. Cr\u00eapes dolci, salate e waffle con impasti a scelta, ingredienti audaci e personaggi illustri. Delivery attivo. Buona da morire.\" \/>\n<meta property=\"og:url\" content=\"https:\/\/crepacreperie.com\/en\/\" \/>\n<meta property=\"og:site_name\" content=\"CREPA\" \/>\n<meta property=\"article:publisher\" content=\"https:\/\/www.facebook.com\/profile.php?id=61574430703706&amp;sk=about&amp;locale=it_IT\" \/>\n<meta property=\"article:modified_time\" content=\"2026-04-07T16:46:52+00:00\" \/>\n<meta property=\"og:image\" content=\"https:\/\/crepacreperie.com\/wp-content\/uploads\/2025\/09\/CREPA-crepe-salata-sito.jpg\" \/>\n\t<meta property=\"og:image:width\" content=\"800\" \/>\n\t<meta property=\"og:image:height\" content=\"534\" \/>\n\t<meta property=\"og:image:type\" content=\"image\/jpeg\" \/>\n<meta name=\"twitter:card\" content=\"summary_large_image\" \/>\n<meta name=\"twitter:label1\" content=\"Estimated reading time\" \/>\n\t<meta name=\"twitter:data1\" content=\"3 minutes\" \/>\n<script type=\"application\/ld+json\" class=\"yoast-schema-graph\">{\"@context\":\"https:\\\/\\\/schema.org\",\"@graph\":[{\"@type\":\"WebPage\",\"@id\":\"https:\\\/\\\/crepacreperie.com\\\/\",\"url\":\"https:\\\/\\\/crepacreperie.com\\\/\",\"name\":\"CREPA - Creperia a Milano | Cr\u00eapes dolci e salate\",\"isPartOf\":{\"@id\":\"https:\\\/\\\/crepacreperie.com\\\/#website\"},\"primaryImageOfPage\":{\"@id\":\"https:\\\/\\\/crepacreperie.com\\\/#primaryimage\"},\"image\":{\"@id\":\"https:\\\/\\\/crepacreperie.com\\\/#primaryimage\"},\"thumbnailUrl\":\"https:\\\/\\\/crepacreperie.com\\\/wp-content\\\/uploads\\\/2025\\\/09\\\/CREPA-crepe-dolce-sito.jpg\",\"datePublished\":\"2025-04-10T20:40:44+00:00\",\"dateModified\":\"2026-04-07T16:46:52+00:00\",\"description\":\"CREPA \u00e8 la cr\u00eaperia di Milano dove cr\u00eapes dolci, salate e waffle diventano uno spettacolo. Impasti a scelta, ingredienti audaci e delivery.\",\"breadcrumb\":{\"@id\":\"https:\\\/\\\/crepacreperie.com\\\/#breadcrumb\"},\"inLanguage\":\"en-GB\",\"potentialAction\":[{\"@type\":\"ReadAction\",\"target\":[\"https:\\\/\\\/crepacreperie.com\\\/\"]}]},{\"@type\":\"ImageObject\",\"inLanguage\":\"en-GB\",\"@id\":\"https:\\\/\\\/crepacreperie.com\\\/#primaryimage\",\"url\":\"https:\\\/\\\/crepacreperie.com\\\/wp-content\\\/uploads\\\/2025\\\/09\\\/CREPA-crepe-dolce-sito.jpg\",\"contentUrl\":\"https:\\\/\\\/crepacreperie.com\\\/wp-content\\\/uploads\\\/2025\\\/09\\\/CREPA-crepe-dolce-sito.jpg\",\"width\":800,\"height\":534,\"caption\":\"CREPA crepes dolci e salate a Milano creperia\"},{\"@type\":\"BreadcrumbList\",\"@id\":\"https:\\\/\\\/crepacreperie.com\\\/#breadcrumb\",\"itemListElement\":[{\"@type\":\"ListItem\",\"position\":1,\"name\":\"Home\",\"item\":\"https:\\\/\\\/crepacreperie.com\\\/\"},{\"@type\":\"ListItem\",\"position\":2,\"name\":\"CREPA Creperia a Milano Crepes dolci e salate\"}]},{\"@type\":\"WebSite\",\"@id\":\"https:\\\/\\\/crepacreperie.com\\\/#website\",\"url\":\"https:\\\/\\\/crepacreperie.com\\\/\",\"name\":\"CREPA\",\"description\":\"La pausa buona da morire\",\"publisher\":{\"@id\":\"https:\\\/\\\/crepacreperie.com\\\/#organization\"},\"potentialAction\":[{\"@type\":\"SearchAction\",\"target\":{\"@type\":\"EntryPoint\",\"urlTemplate\":\"https:\\\/\\\/crepacreperie.com\\\/?s={search_term_string}\"},\"query-input\":{\"@type\":\"PropertyValueSpecification\",\"valueRequired\":true,\"valueName\":\"search_term_string\"}}],\"inLanguage\":\"en-GB\"},{\"@type\":\"Organization\",\"@id\":\"https:\\\/\\\/crepacreperie.com\\\/#organization\",\"name\":\"CREPA\",\"url\":\"https:\\\/\\\/crepacreperie.com\\\/\",\"logo\":{\"@type\":\"ImageObject\",\"inLanguage\":\"en-GB\",\"@id\":\"https:\\\/\\\/crepacreperie.com\\\/#\\\/schema\\\/logo\\\/image\\\/\",\"url\":\"https:\\\/\\\/crepacreperie.com\\\/wp-content\\\/uploads\\\/2025\\\/09\\\/CREPA_logo-rosso-web.png\",\"contentUrl\":\"https:\\\/\\\/crepacreperie.com\\\/wp-content\\\/uploads\\\/2025\\\/09\\\/CREPA_logo-rosso-web.png\",\"width\":420,\"height\":118,\"caption\":\"CREPA\"},\"image\":{\"@id\":\"https:\\\/\\\/crepacreperie.com\\\/#\\\/schema\\\/logo\\\/image\\\/\"},\"sameAs\":[\"https:\\\/\\\/www.facebook.com\\\/profile.php?id=61574430703706&sk=about&locale=it_IT\",\"https:\\\/\\\/www.instagram.com\\\/crepa_creperie\\\/\"]}]}<\/script>\n<!-- \/ Yoast SEO plugin. -->","yoast_head_json":{"title":"CREPA - Creperia a Milano | Cr\u00eapes dolci e salate","description":"CREPA \u00e8 la cr\u00eaperia di Milano dove cr\u00eapes dolci, salate e waffle diventano uno spettacolo. Impasti a scelta, ingredienti audaci e delivery.","robots":{"index":"index","follow":"follow","max-snippet":"max-snippet:-1","max-image-preview":"max-image-preview:large","max-video-preview":"max-video-preview:-1"},"canonical":"https:\/\/crepacreperie.com\/en\/","og_locale":"en_GB","og_type":"article","og_title":"CREPA - Crepes dolci e salate a Milano","og_description":"CREPA \u00e8 la cr\u00eaperia pop nel cuore di Milano. Cr\u00eapes dolci, salate e waffle con impasti a scelta, ingredienti audaci e personaggi illustri. Delivery attivo. Buona da morire.","og_url":"https:\/\/crepacreperie.com\/en\/","og_site_name":"CREPA","article_publisher":"https:\/\/www.facebook.com\/profile.php?id=61574430703706&sk=about&locale=it_IT","article_modified_time":"2026-04-07T16:46:52+00:00","og_image":[{"width":800,"height":534,"url":"https:\/\/crepacreperie.com\/wp-content\/uploads\/2025\/09\/CREPA-crepe-salata-sito.jpg","type":"image\/jpeg"}],"twitter_card":"summary_large_image","twitter_misc":{"Estimated reading time":"3 minutes"},"schema":{"@context":"https:\/\/schema.org","@graph":[{"@type":"WebPage","@id":"https:\/\/crepacreperie.com\/","url":"https:\/\/crepacreperie.com\/","name":"CREPA - Creperia a Milano | Cr\u00eapes dolci e salate","isPartOf":{"@id":"https:\/\/crepacreperie.com\/#website"},"primaryImageOfPage":{"@id":"https:\/\/crepacreperie.com\/#primaryimage"},"image":{"@id":"https:\/\/crepacreperie.com\/#primaryimage"},"thumbnailUrl":"https:\/\/crepacreperie.com\/wp-content\/uploads\/2025\/09\/CREPA-crepe-dolce-sito.jpg","datePublished":"2025-04-10T20:40:44+00:00","dateModified":"2026-04-07T16:46:52+00:00","description":"CREPA \u00e8 la cr\u00eaperia di Milano dove cr\u00eapes dolci, salate e waffle diventano uno spettacolo. Impasti a scelta, ingredienti audaci e delivery.","breadcrumb":{"@id":"https:\/\/crepacreperie.com\/#breadcrumb"},"inLanguage":"en-GB","potentialAction":[{"@type":"ReadAction","target":["https:\/\/crepacreperie.com\/"]}]},{"@type":"ImageObject","inLanguage":"en-GB","@id":"https:\/\/crepacreperie.com\/#primaryimage","url":"https:\/\/crepacreperie.com\/wp-content\/uploads\/2025\/09\/CREPA-crepe-dolce-sito.jpg","contentUrl":"https:\/\/crepacreperie.com\/wp-content\/uploads\/2025\/09\/CREPA-crepe-dolce-sito.jpg","width":800,"height":534,"caption":"CREPA crepes dolci e salate a Milano creperia"},{"@type":"BreadcrumbList","@id":"https:\/\/crepacreperie.com\/#breadcrumb","itemListElement":[{"@type":"ListItem","position":1,"name":"Home","item":"https:\/\/crepacreperie.com\/"},{"@type":"ListItem","position":2,"name":"CREPA Creperia a Milano Crepes dolci e salate"}]},{"@type":"WebSite","@id":"https:\/\/crepacreperie.com\/#website","url":"https:\/\/crepacreperie.com\/","name":"CREPA","description":"La pausa buona da morire","publisher":{"@id":"https:\/\/crepacreperie.com\/#organization"},"potentialAction":[{"@type":"SearchAction","target":{"@type":"EntryPoint","urlTemplate":"https:\/\/crepacreperie.com\/?s={search_term_string}"},"query-input":{"@type":"PropertyValueSpecification","valueRequired":true,"valueName":"search_term_string"}}],"inLanguage":"en-GB"},{"@type":"Organization","@id":"https:\/\/crepacreperie.com\/#organization","name":"CREPA","url":"https:\/\/crepacreperie.com\/","logo":{"@type":"ImageObject","inLanguage":"en-GB","@id":"https:\/\/crepacreperie.com\/#\/schema\/logo\/image\/","url":"https:\/\/crepacreperie.com\/wp-content\/uploads\/2025\/09\/CREPA_logo-rosso-web.png","contentUrl":"https:\/\/crepacreperie.com\/wp-content\/uploads\/2025\/09\/CREPA_logo-rosso-web.png","width":420,"height":118,"caption":"CREPA"},"image":{"@id":"https:\/\/crepacreperie.com\/#\/schema\/logo\/image\/"},"sameAs":["https:\/\/www.facebook.com\/profile.php?id=61574430703706&sk=about&locale=it_IT","https:\/\/www.instagram.com\/crepa_creperie\/"]}]}},"_links":{"self":[{"href":"https:\/\/crepacreperie.com\/en\/wp-json\/wp\/v2\/pages\/8","targetHints":{"allow":["GET"]}}],"collection":[{"href":"https:\/\/crepacreperie.com\/en\/wp-json\/wp\/v2\/pages"}],"about":[{"href":"https:\/\/crepacreperie.com\/en\/wp-json\/wp\/v2\/types\/page"}],"author":[{"embeddable":true,"href":"https:\/\/crepacreperie.com\/en\/wp-json\/wp\/v2\/users\/1"}],"replies":[{"embeddable":true,"href":"https:\/\/crepacreperie.com\/en\/wp-json\/wp\/v2\/comments?post=8"}],"version-history":[{"count":172,"href":"https:\/\/crepacreperie.com\/en\/wp-json\/wp\/v2\/pages\/8\/revisions"}],"predecessor-version":[{"id":491,"href":"https:\/\/crepacreperie.com\/en\/wp-json\/wp\/v2\/pages\/8\/revisions\/491"}],"wp:featuredmedia":[{"embeddable":true,"href":"https:\/\/crepacreperie.com\/en\/wp-json\/wp\/v2\/media\/265"}],"wp:attachment":[{"href":"https:\/\/crepacreperie.com\/en\/wp-json\/wp\/v2\/media?parent=8"}],"curies":[{"name":"wp","href":"https:\/\/api.w.org\/{rel}","templated":true}]}}